{"id":5059,"date":"2025-06-08T15:15:56","date_gmt":"2025-06-08T15:15:56","guid":{"rendered":"http:\/\/www.fayo5015.odns.fr\/?page_id=5059"},"modified":"2025-12-27T20:19:44","modified_gmt":"2025-12-27T20:19:44","slug":"seance-engagement","status":"publish","type":"page","link":"https:\/\/www.yohannfaupelphotography.fr\/fr\/seance-engagement\/","title":{"rendered":"Prestation SEANCE ENGAGEMENT"},"content":{"rendered":"\t\t<div data-elementor-type=\"wp-page\" data-elementor-id=\"5059\" class=\"elementor elementor-5059\" data-elementor-post-type=\"page\">\n\t\t\t\t<div class=\"elementor-element elementor-element-f6449ba e-flex e-con-boxed e-con e-parent\" data-id=\"f6449ba\" data-element_type=\"container\">\n\t\t\t\t\t<div class=\"e-con-inner\">\n\t\t\t\t<div class=\"elementor-element elementor-element-0d39ad3 elementor-widget elementor-widget-heading\" data-id=\"0d39ad3\" data-element_type=\"widget\" data-widget_type=\"heading.default\">\n\t\t\t\t<div class=\"elementor-widget-container\">\n\t\t\t\t\t<h2 class=\"elementor-heading-title elementor-size-default\">Pourquoi une s\u00e9ance engagement c'est primordial ?<\/h2>\t\t\t\t<\/div>\n\t\t\t\t<\/div>\n\t\t\t\t\t<\/div>\n\t\t\t\t<\/div>\n\t\t<div class=\"elementor-element elementor-element-d1840c2 e-flex e-con-boxed e-con e-parent\" data-id=\"d1840c2\" data-element_type=\"container\">\n\t\t\t\t\t<div class=\"e-con-inner\">\n\t\t\t\t<div class=\"elementor-element elementor-element-d2b0b08 elementor-widget elementor-widget-image\" data-id=\"d2b0b08\" data-element_type=\"widget\" data-widget_type=\"image.default\">\n\t\t\t\t<div class=\"elementor-widget-container\">\n\t\t\t\t\t\t\t\t\t\t\t\t\t\t\t<img fetchpriority=\"high\" decoding=\"async\" width=\"768\" height=\"1024\" src=\"https:\/\/www.yohannfaupelphotography.fr\/wp-content\/uploads\/2025\/06\/MP-elopement-412-768x1024.jpg\" class=\"attachment-large size-large wp-image-5246\" alt=\"\" srcset=\"https:\/\/www.yohannfaupelphotography.fr\/wp-content\/uploads\/2025\/06\/MP-elopement-412-768x1024.jpg 768w, https:\/\/www.yohannfaupelphotography.fr\/wp-content\/uploads\/2025\/06\/MP-elopement-412-225x300.jpg 225w, https:\/\/www.yohannfaupelphotography.fr\/wp-content\/uploads\/2025\/06\/MP-elopement-412-1152x1536.jpg 1152w, https:\/\/www.yohannfaupelphotography.fr\/wp-content\/uploads\/2025\/06\/MP-elopement-412-1536x2048.jpg 1536w, https:\/\/www.yohannfaupelphotography.fr\/wp-content\/uploads\/2025\/06\/MP-elopement-412-scaled.jpg 1920w\" sizes=\"(max-width: 768px) 100vw, 768px\" \/>\t\t\t\t\t\t\t\t\t\t\t\t\t\t\t<\/div>\n\t\t\t\t<\/div>\n\t\t\t\t\t<\/div>\n\t\t\t\t<\/div>\n\t\t<div class=\"elementor-element elementor-element-4ebfe3b e-flex e-con-boxed e-con e-parent\" data-id=\"4ebfe3b\" data-element_type=\"container\">\n\t\t\t\t\t<div class=\"e-con-inner\">\n\t\t\t\t<div class=\"elementor-element elementor-element-bfb726f elementor-widget elementor-widget-heading\" data-id=\"bfb726f\" data-element_type=\"widget\" data-widget_type=\"heading.default\">\n\t\t\t\t<div class=\"elementor-widget-container\">\n\t\t\t\t\t<h2 class=\"elementor-heading-title elementor-size-default\">Cr\u00e9er du lien <em>avant<\/em> le grand jour<\/h2>\t\t\t\t<\/div>\n\t\t\t\t<\/div>\n\t\t\t\t\t<\/div>\n\t\t\t\t<\/div>\n\t\t<div class=\"elementor-element elementor-element-a36c863 e-flex e-con-boxed e-con e-parent\" data-id=\"a36c863\" data-element_type=\"container\">\n\t\t\t\t\t<div class=\"e-con-inner\">\n\t\t\t\t<div class=\"elementor-element elementor-element-1b04f7f elementor-widget elementor-widget-text-editor\" data-id=\"1b04f7f\" data-element_type=\"widget\" data-widget_type=\"text-editor.default\">\n\t\t\t\t<div class=\"elementor-widget-container\">\n\t\t\t\t\t\t\t\t\t<p>L&rsquo;occasion parfaite pour faire connaissance et \u00e9viter de rajouter du stress le mariage venu&#8230; mais surtout, cr\u00e9er une vraie connexion entre vous, et moi.<\/p>\n<p>Vous serez plus \u00e0 l&rsquo;aise le jour J, plus d\u00e9tendus, naturels. Et en prime, l&rsquo;occasion id\u00e9ale d&rsquo;un moment \u00e0 deux pour vous retrouver avant le mariage o\u00f9 vous repartez avec de jolies images complices \u00e0 conserver ou \u00e0 utiliser pour vos faire-part ou carte de remerciement !<\/p>\t\t\t\t\t\t\t\t<\/div>\n\t\t\t\t<\/div>\n\t\t\t\t\t<\/div>\n\t\t\t\t<\/div>\n\t\t<div class=\"elementor-element elementor-element-14b64e1 e-flex e-con-boxed e-con e-parent\" data-id=\"14b64e1\" data-element_type=\"container\">\n\t\t\t\t\t<div class=\"e-con-inner\">\n\t\t<div class=\"elementor-element elementor-element-715232e e-con-full e-flex e-con e-child\" data-id=\"715232e\" data-element_type=\"container\">\n\t\t\t\t<div class=\"elementor-element elementor-element-ff90ce7 elementor-widget elementor-widget-image\" data-id=\"ff90ce7\" data-element_type=\"widget\" data-widget_type=\"image.default\">\n\t\t\t\t<div class=\"elementor-widget-container\">\n\t\t\t\t\t\t\t\t\t\t\t\t\t\t\t<img decoding=\"async\" width=\"768\" height=\"1024\" src=\"https:\/\/www.yohannfaupelphotography.fr\/wp-content\/uploads\/2022\/10\/GC-SE-53-768x1024.jpg\" class=\"attachment-large size-large wp-image-5203\" alt=\"\" srcset=\"https:\/\/www.yohannfaupelphotography.fr\/wp-content\/uploads\/2022\/10\/GC-SE-53-768x1024.jpg 768w, https:\/\/www.yohannfaupelphotography.fr\/wp-content\/uploads\/2022\/10\/GC-SE-53-225x300.jpg 225w, https:\/\/www.yohannfaupelphotography.fr\/wp-content\/uploads\/2022\/10\/GC-SE-53-1152x1536.jpg 1152w, https:\/\/www.yohannfaupelphotography.fr\/wp-content\/uploads\/2022\/10\/GC-SE-53-1536x2048.jpg 1536w, https:\/\/www.yohannfaupelphotography.fr\/wp-content\/uploads\/2022\/10\/GC-SE-53-scaled.jpg 1920w\" sizes=\"(max-width: 768px) 100vw, 768px\" \/>\t\t\t\t\t\t\t\t\t\t\t\t\t\t\t<\/div>\n\t\t\t\t<\/div>\n\t\t\t\t<\/div>\n\t\t<div class=\"elementor-element elementor-element-a3435b8 e-con-full e-flex e-con e-child\" data-id=\"a3435b8\" data-element_type=\"container\">\n\t\t\t\t<div class=\"elementor-element elementor-element-e1c15eb elementor-widget elementor-widget-image\" data-id=\"e1c15eb\" data-element_type=\"widget\" data-widget_type=\"image.default\">\n\t\t\t\t<div class=\"elementor-widget-container\">\n\t\t\t\t\t\t\t\t\t\t\t\t\t\t\t<img decoding=\"async\" width=\"768\" height=\"1024\" src=\"https:\/\/www.yohannfaupelphotography.fr\/wp-content\/uploads\/2022\/10\/yfphotography_weddingphotographer-78-768x1024.jpg\" class=\"attachment-large size-large wp-image-5170\" alt=\"\" srcset=\"https:\/\/www.yohannfaupelphotography.fr\/wp-content\/uploads\/2022\/10\/yfphotography_weddingphotographer-78-768x1024.jpg 768w, https:\/\/www.yohannfaupelphotography.fr\/wp-content\/uploads\/2022\/10\/yfphotography_weddingphotographer-78-225x300.jpg 225w, https:\/\/www.yohannfaupelphotography.fr\/wp-content\/uploads\/2022\/10\/yfphotography_weddingphotographer-78-1152x1536.jpg 1152w, https:\/\/www.yohannfaupelphotography.fr\/wp-content\/uploads\/2022\/10\/yfphotography_weddingphotographer-78.jpg 1500w\" sizes=\"(max-width: 768px) 100vw, 768px\" \/>\t\t\t\t\t\t\t\t\t\t\t\t\t\t\t<\/div>\n\t\t\t\t<\/div>\n\t\t\t\t<\/div>\n\t\t\t\t\t<\/div>\n\t\t\t\t<\/div>\n\t\t<div class=\"elementor-element elementor-element-57c28e9 e-flex e-con-boxed e-con e-parent\" data-id=\"57c28e9\" data-element_type=\"container\">\n\t\t\t\t\t<div class=\"e-con-inner\">\n\t\t\t\t<div class=\"elementor-element elementor-element-04ee761 elementor-widget elementor-widget-text-editor\" data-id=\"04ee761\" data-element_type=\"widget\" data-widget_type=\"text-editor.default\">\n\t\t\t\t<div class=\"elementor-widget-container\">\n\t\t\t\t\t\t\t\t\t<p>\u00ab\u00a0Mes clients h\u00e9sitent souvent \u00e0 prendre la s\u00e9ance engagement. Pour les plus courageux ils repartent des souvenirs pleins les yeux, un moment et une exp\u00e9rience qu&rsquo;ils ont ador\u00e9s et surtout &#8230; ils sont rassur\u00e9s et plus d\u00e9tendus pour le jour j, car ils savent que je serais \u00e0 leurs c\u00f4t\u00e9s, rassurant et souriant, pour les guider.\u00a0\u00bb<\/p>\t\t\t\t\t\t\t\t<\/div>\n\t\t\t\t<\/div>\n\t\t\t\t\t<\/div>\n\t\t\t\t<\/div>\n\t\t<div class=\"elementor-element elementor-element-518020b e-flex e-con-boxed e-con e-parent\" data-id=\"518020b\" data-element_type=\"container\">\n\t\t\t\t\t<div class=\"e-con-inner\">\n\t\t<div class=\"elementor-element elementor-element-2820675 e-con-full e-flex e-con e-child\" data-id=\"2820675\" data-element_type=\"container\">\n\t\t\t\t<div class=\"elementor-element elementor-element-44a47f3 elementor-widget elementor-widget-image\" data-id=\"44a47f3\" data-element_type=\"widget\" data-widget_type=\"image.default\">\n\t\t\t\t<div class=\"elementor-widget-container\">\n\t\t\t\t\t\t\t\t\t\t\t\t\t\t\t<img loading=\"lazy\" decoding=\"async\" width=\"768\" height=\"1024\" src=\"https:\/\/www.yohannfaupelphotography.fr\/wp-content\/uploads\/2022\/10\/yfphotography_weddingphotographer-54-768x1024.jpg\" class=\"attachment-large size-large wp-image-5162\" alt=\"\" srcset=\"https:\/\/www.yohannfaupelphotography.fr\/wp-content\/uploads\/2022\/10\/yfphotography_weddingphotographer-54-768x1024.jpg 768w, https:\/\/www.yohannfaupelphotography.fr\/wp-content\/uploads\/2022\/10\/yfphotography_weddingphotographer-54-225x300.jpg 225w, https:\/\/www.yohannfaupelphotography.fr\/wp-content\/uploads\/2022\/10\/yfphotography_weddingphotographer-54-1152x1536.jpg 1152w, https:\/\/www.yohannfaupelphotography.fr\/wp-content\/uploads\/2022\/10\/yfphotography_weddingphotographer-54.jpg 1500w\" sizes=\"(max-width: 768px) 100vw, 768px\" \/>\t\t\t\t\t\t\t\t\t\t\t\t\t\t\t<\/div>\n\t\t\t\t<\/div>\n\t\t\t\t<\/div>\n\t\t<div class=\"elementor-element elementor-element-23d396b e-con-full e-flex e-con e-child\" data-id=\"23d396b\" data-element_type=\"container\">\n\t\t\t\t<div class=\"elementor-element elementor-element-33858d4 elementor-widget elementor-widget-image\" data-id=\"33858d4\" data-element_type=\"widget\" data-widget_type=\"image.default\">\n\t\t\t\t<div class=\"elementor-widget-container\">\n\t\t\t\t\t\t\t\t\t\t\t\t\t\t\t<img loading=\"lazy\" decoding=\"async\" width=\"706\" height=\"1024\" src=\"https:\/\/www.yohannfaupelphotography.fr\/wp-content\/uploads\/2025\/06\/photographe-mariage-bordeaux-50-706x1024.jpg\" class=\"attachment-large size-large wp-image-5776\" alt=\"\" srcset=\"https:\/\/www.yohannfaupelphotography.fr\/wp-content\/uploads\/2025\/06\/photographe-mariage-bordeaux-50-706x1024.jpg 706w, https:\/\/www.yohannfaupelphotography.fr\/wp-content\/uploads\/2025\/06\/photographe-mariage-bordeaux-50-207x300.jpg 207w, https:\/\/www.yohannfaupelphotography.fr\/wp-content\/uploads\/2025\/06\/photographe-mariage-bordeaux-50-768x1115.jpg 768w, https:\/\/www.yohannfaupelphotography.fr\/wp-content\/uploads\/2025\/06\/photographe-mariage-bordeaux-50-1058x1536.jpg 1058w, https:\/\/www.yohannfaupelphotography.fr\/wp-content\/uploads\/2025\/06\/photographe-mariage-bordeaux-50-1411x2048.jpg 1411w, https:\/\/www.yohannfaupelphotography.fr\/wp-content\/uploads\/2025\/06\/photographe-mariage-bordeaux-50-scaled.jpg 1764w\" sizes=\"(max-width: 706px) 100vw, 706px\" \/>\t\t\t\t\t\t\t\t\t\t\t\t\t\t\t<\/div>\n\t\t\t\t<\/div>\n\t\t\t\t<\/div>\n\t\t<div class=\"elementor-element elementor-element-4e8bdc8 e-con-full e-flex e-con e-child\" data-id=\"4e8bdc8\" data-element_type=\"container\">\n\t\t\t\t<div class=\"elementor-element elementor-element-e52b722 elementor-widget elementor-widget-image\" data-id=\"e52b722\" data-element_type=\"widget\" data-widget_type=\"image.default\">\n\t\t\t\t<div class=\"elementor-widget-container\">\n\t\t\t\t\t\t\t\t\t\t\t\t\t\t\t<img loading=\"lazy\" decoding=\"async\" width=\"768\" height=\"1024\" src=\"https:\/\/www.yohannfaupelphotography.fr\/wp-content\/uploads\/2025\/06\/yfphotography_weddingphotographer-276-768x1024.jpg\" class=\"attachment-large size-large wp-image-5777\" alt=\"\" srcset=\"https:\/\/www.yohannfaupelphotography.fr\/wp-content\/uploads\/2025\/06\/yfphotography_weddingphotographer-276-768x1024.jpg 768w, https:\/\/www.yohannfaupelphotography.fr\/wp-content\/uploads\/2025\/06\/yfphotography_weddingphotographer-276-225x300.jpg 225w, https:\/\/www.yohannfaupelphotography.fr\/wp-content\/uploads\/2025\/06\/yfphotography_weddingphotographer-276-1152x1536.jpg 1152w, https:\/\/www.yohannfaupelphotography.fr\/wp-content\/uploads\/2025\/06\/yfphotography_weddingphotographer-276-1536x2048.jpg 1536w, https:\/\/www.yohannfaupelphotography.fr\/wp-content\/uploads\/2025\/06\/yfphotography_weddingphotographer-276-scaled.jpg 1920w\" sizes=\"(max-width: 768px) 100vw, 768px\" \/>\t\t\t\t\t\t\t\t\t\t\t\t\t\t\t<\/div>\n\t\t\t\t<\/div>\n\t\t\t\t<\/div>\n\t\t\t\t\t<\/div>\n\t\t\t\t<\/div>\n\t\t<div class=\"elementor-element elementor-element-7cc67b9 e-flex e-con-boxed e-con e-parent\" data-id=\"7cc67b9\" data-element_type=\"container\">\n\t\t\t\t\t<div class=\"e-con-inner\">\n\t\t\t\t<div class=\"elementor-element elementor-element-f0a4c3c elementor-align-center elementor-widget elementor-widget-button\" data-id=\"f0a4c3c\" data-element_type=\"widget\" data-widget_type=\"button.default\">\n\t\t\t\t<div class=\"elementor-widget-container\">\n\t\t\t\t\t\t\t\t\t<div class=\"elementor-button-wrapper\">\n\t\t\t\t\t<a class=\"elementor-button elementor-button-link elementor-size-sm\" href=\"mailto:photography_yfpl@yahoo.com\">\n\t\t\t\t\t\t<span class=\"elementor-button-content-wrapper\">\n\t\t\t\t\t\t\t\t\t<span class=\"elementor-button-text\">Je r\u00e9serve ma s\u00e9ance<\/span>\n\t\t\t\t\t<\/span>\n\t\t\t\t\t<\/a>\n\t\t\t\t<\/div>\n\t\t\t\t\t\t\t\t<\/div>\n\t\t\t\t<\/div>\n\t\t\t\t\t<\/div>\n\t\t\t\t<\/div>\n\t\t\t\t<\/div>\n\t\t","protected":false},"excerpt":{"rendered":"<p>Pourquoi une s\u00e9ance engagement c&rsquo;est primordial ? Cr\u00e9er du lien avant le grand jour L&rsquo;occasion parfaite pour faire connaissance et \u00e9viter de rajouter du stress le mariage venu&#8230; mais surtout, cr\u00e9er une vraie connexion entre vous, et moi. Vous serez plus \u00e0 l&rsquo;aise le jour J, plus d\u00e9tendus, naturels. Et en prime, l&rsquo;occasion id\u00e9ale d&rsquo;un [&hellip;]<\/p>\n","protected":false},"author":1,"featured_media":0,"parent":0,"menu_order":0,"comment_status":"closed","ping_status":"closed","template":"","meta":{"footnotes":""},"class_list":["post-5059","page","type-page","status-publish","hentry"],"yoast_head":"<!-- This site is optimized with the Yoast SEO plugin v25.4 - https:\/\/yoast.com\/wordpress\/plugins\/seo\/ -->\n<title>Prestation SEANCE ENGAGEMENT - Yohann Faupel Photography<\/title>\n<meta name=\"robots\" content=\"index, follow, max-snippet:-1, max-image-preview:large, max-video-preview:-1\" \/>\n<link rel=\"canonical\" href=\"https:\/\/www.yohannfaupelphotography.fr\/fr\/seance-engagement\/\" \/>\n<meta property=\"og:locale\" content=\"fr_FR\" \/>\n<meta property=\"og:type\" content=\"article\" \/>\n<meta property=\"og:title\" content=\"Prestation SEANCE ENGAGEMENT - Yohann Faupel Photography\" \/>\n<meta property=\"og:description\" content=\"Pourquoi une s\u00e9ance engagement c&rsquo;est primordial ? Cr\u00e9er du lien avant le grand jour L&rsquo;occasion parfaite pour faire connaissance et \u00e9viter de rajouter du stress le mariage venu&#8230; mais surtout, cr\u00e9er une vraie connexion entre vous, et moi. Vous serez plus \u00e0 l&rsquo;aise le jour J, plus d\u00e9tendus, naturels. Et en prime, l&rsquo;occasion id\u00e9ale d&rsquo;un [&hellip;]\" \/>\n<meta property=\"og:url\" content=\"https:\/\/www.yohannfaupelphotography.fr\/fr\/seance-engagement\/\" \/>\n<meta property=\"og:site_name\" content=\"Yohann Faupel Photography\" \/>\n<meta property=\"article:modified_time\" content=\"2025-12-27T20:19:44+00:00\" \/>\n<meta property=\"og:image\" content=\"https:\/\/www.yohannfaupelphotography.fr\/wp-content\/uploads\/2025\/06\/MP-elopement-412-768x1024.jpg\" \/>\n<meta name=\"twitter:card\" content=\"summary_large_image\" \/>\n<meta name=\"twitter:label1\" content=\"Dur\u00e9e de lecture estim\u00e9e\" \/>\n\t<meta name=\"twitter:data1\" content=\"2 minutes\" \/>\n<script type=\"application\/ld+json\" class=\"yoast-schema-graph\">{\"@context\":\"https:\/\/schema.org\",\"@graph\":[{\"@type\":\"WebPage\",\"@id\":\"https:\/\/www.yohannfaupelphotography.fr\/seance-engagement\/\",\"url\":\"https:\/\/www.yohannfaupelphotography.fr\/seance-engagement\/\",\"name\":\"Prestation SEANCE ENGAGEMENT - Yohann Faupel Photography\",\"isPartOf\":{\"@id\":\"https:\/\/www.yohannfaupelphotography.fr\/fr\/#website\"},\"primaryImageOfPage\":{\"@id\":\"https:\/\/www.yohannfaupelphotography.fr\/seance-engagement\/#primaryimage\"},\"image\":{\"@id\":\"https:\/\/www.yohannfaupelphotography.fr\/seance-engagement\/#primaryimage\"},\"thumbnailUrl\":\"https:\/\/www.yohannfaupelphotography.fr\/wp-content\/uploads\/2025\/06\/MP-elopement-412-768x1024.jpg\",\"datePublished\":\"2025-06-08T15:15:56+00:00\",\"dateModified\":\"2025-12-27T20:19:44+00:00\",\"breadcrumb\":{\"@id\":\"https:\/\/www.yohannfaupelphotography.fr\/seance-engagement\/#breadcrumb\"},\"inLanguage\":\"fr-FR\",\"potentialAction\":[{\"@type\":\"ReadAction\",\"target\":[\"https:\/\/www.yohannfaupelphotography.fr\/seance-engagement\/\"]}]},{\"@type\":\"ImageObject\",\"inLanguage\":\"fr-FR\",\"@id\":\"https:\/\/www.yohannfaupelphotography.fr\/seance-engagement\/#primaryimage\",\"url\":\"https:\/\/www.yohannfaupelphotography.fr\/wp-content\/uploads\/2025\/06\/MP-elopement-412-768x1024.jpg\",\"contentUrl\":\"https:\/\/www.yohannfaupelphotography.fr\/wp-content\/uploads\/2025\/06\/MP-elopement-412-768x1024.jpg\"},{\"@type\":\"BreadcrumbList\",\"@id\":\"https:\/\/www.yohannfaupelphotography.fr\/seance-engagement\/#breadcrumb\",\"itemListElement\":[{\"@type\":\"ListItem\",\"position\":1,\"name\":\"Accueil\",\"item\":\"https:\/\/www.yohannfaupelphotography.fr\/\"},{\"@type\":\"ListItem\",\"position\":2,\"name\":\"Prestation SEANCE ENGAGEMENT\"}]},{\"@type\":\"WebSite\",\"@id\":\"https:\/\/www.yohannfaupelphotography.fr\/fr\/#website\",\"url\":\"https:\/\/www.yohannfaupelphotography.fr\/fr\/\",\"name\":\"Yohann Faupel Photography\",\"description\":\"Photographe mariage fine art bordeaux &amp; nantes\",\"publisher\":{\"@id\":\"https:\/\/www.yohannfaupelphotography.fr\/fr\/#organization\"},\"potentialAction\":[{\"@type\":\"SearchAction\",\"target\":{\"@type\":\"EntryPoint\",\"urlTemplate\":\"https:\/\/www.yohannfaupelphotography.fr\/fr\/?s={search_term_string}\"},\"query-input\":{\"@type\":\"PropertyValueSpecification\",\"valueRequired\":true,\"valueName\":\"search_term_string\"}}],\"inLanguage\":\"fr-FR\"},{\"@type\":\"Organization\",\"@id\":\"https:\/\/www.yohannfaupelphotography.fr\/fr\/#organization\",\"name\":\"Yohann Faupel Photography\",\"url\":\"https:\/\/www.yohannfaupelphotography.fr\/fr\/\",\"logo\":{\"@type\":\"ImageObject\",\"inLanguage\":\"fr-FR\",\"@id\":\"https:\/\/www.yohannfaupelphotography.fr\/fr\/#\/schema\/logo\/image\/\",\"url\":\"https:\/\/yohannfaupelphotography.fr\/wp-content\/uploads\/2025\/05\/cropped-photographe-mariage-bordeaux-scaled-1.jpg\",\"contentUrl\":\"https:\/\/yohannfaupelphotography.fr\/wp-content\/uploads\/2025\/05\/cropped-photographe-mariage-bordeaux-scaled-1.jpg\",\"width\":1584,\"height\":1503,\"caption\":\"Yohann Faupel Photography\"},\"image\":{\"@id\":\"https:\/\/www.yohannfaupelphotography.fr\/fr\/#\/schema\/logo\/image\/\"},\"sameAs\":[\"https:\/\/www.instagram.com\/_yfphotography?igsh=MWthdG9pdDZ4NzFwZQ&utm_source=qr\",\"https:\/\/www.tiktok.com\/@yhnn.fpl?_t=ZN-8xppI0EdJPK&_r=1\"]}]}<\/script>\n<!-- \/ Yoast SEO plugin. -->","yoast_head_json":{"title":"Prestation SEANCE ENGAGEMENT - Yohann Faupel Photography","robots":{"index":"index","follow":"follow","max-snippet":"max-snippet:-1","max-image-preview":"max-image-preview:large","max-video-preview":"max-video-preview:-1"},"canonical":"https:\/\/www.yohannfaupelphotography.fr\/fr\/seance-engagement\/","og_locale":"fr_FR","og_type":"article","og_title":"Prestation SEANCE ENGAGEMENT - Yohann Faupel Photography","og_description":"Pourquoi une s\u00e9ance engagement c&rsquo;est primordial ? Cr\u00e9er du lien avant le grand jour L&rsquo;occasion parfaite pour faire connaissance et \u00e9viter de rajouter du stress le mariage venu&#8230; mais surtout, cr\u00e9er une vraie connexion entre vous, et moi. Vous serez plus \u00e0 l&rsquo;aise le jour J, plus d\u00e9tendus, naturels. Et en prime, l&rsquo;occasion id\u00e9ale d&rsquo;un [&hellip;]","og_url":"https:\/\/www.yohannfaupelphotography.fr\/fr\/seance-engagement\/","og_site_name":"Yohann Faupel Photography","article_modified_time":"2025-12-27T20:19:44+00:00","og_image":[{"url":"https:\/\/www.yohannfaupelphotography.fr\/wp-content\/uploads\/2025\/06\/MP-elopement-412-768x1024.jpg","type":"","width":"","height":""}],"twitter_card":"summary_large_image","twitter_misc":{"Dur\u00e9e de lecture estim\u00e9e":"2 minutes"},"schema":{"@context":"https:\/\/schema.org","@graph":[{"@type":"WebPage","@id":"https:\/\/www.yohannfaupelphotography.fr\/seance-engagement\/","url":"https:\/\/www.yohannfaupelphotography.fr\/seance-engagement\/","name":"Prestation SEANCE ENGAGEMENT - Yohann Faupel Photography","isPartOf":{"@id":"https:\/\/www.yohannfaupelphotography.fr\/fr\/#website"},"primaryImageOfPage":{"@id":"https:\/\/www.yohannfaupelphotography.fr\/seance-engagement\/#primaryimage"},"image":{"@id":"https:\/\/www.yohannfaupelphotography.fr\/seance-engagement\/#primaryimage"},"thumbnailUrl":"https:\/\/www.yohannfaupelphotography.fr\/wp-content\/uploads\/2025\/06\/MP-elopement-412-768x1024.jpg","datePublished":"2025-06-08T15:15:56+00:00","dateModified":"2025-12-27T20:19:44+00:00","breadcrumb":{"@id":"https:\/\/www.yohannfaupelphotography.fr\/seance-engagement\/#breadcrumb"},"inLanguage":"fr-FR","potentialAction":[{"@type":"ReadAction","target":["https:\/\/www.yohannfaupelphotography.fr\/seance-engagement\/"]}]},{"@type":"ImageObject","inLanguage":"fr-FR","@id":"https:\/\/www.yohannfaupelphotography.fr\/seance-engagement\/#primaryimage","url":"https:\/\/www.yohannfaupelphotography.fr\/wp-content\/uploads\/2025\/06\/MP-elopement-412-768x1024.jpg","contentUrl":"https:\/\/www.yohannfaupelphotography.fr\/wp-content\/uploads\/2025\/06\/MP-elopement-412-768x1024.jpg"},{"@type":"BreadcrumbList","@id":"https:\/\/www.yohannfaupelphotography.fr\/seance-engagement\/#breadcrumb","itemListElement":[{"@type":"ListItem","position":1,"name":"Accueil","item":"https:\/\/www.yohannfaupelphotography.fr\/"},{"@type":"ListItem","position":2,"name":"Prestation SEANCE ENGAGEMENT"}]},{"@type":"WebSite","@id":"https:\/\/www.yohannfaupelphotography.fr\/fr\/#website","url":"https:\/\/www.yohannfaupelphotography.fr\/fr\/","name":"Yohann Faupel Photography","description":"Photographe mariage fine art bordeaux &amp; nantes","publisher":{"@id":"https:\/\/www.yohannfaupelphotography.fr\/fr\/#organization"},"potentialAction":[{"@type":"SearchAction","target":{"@type":"EntryPoint","urlTemplate":"https:\/\/www.yohannfaupelphotography.fr\/fr\/?s={search_term_string}"},"query-input":{"@type":"PropertyValueSpecification","valueRequired":true,"valueName":"search_term_string"}}],"inLanguage":"fr-FR"},{"@type":"Organization","@id":"https:\/\/www.yohannfaupelphotography.fr\/fr\/#organization","name":"Yohann Faupel Photography","url":"https:\/\/www.yohannfaupelphotography.fr\/fr\/","logo":{"@type":"ImageObject","inLanguage":"fr-FR","@id":"https:\/\/www.yohannfaupelphotography.fr\/fr\/#\/schema\/logo\/image\/","url":"https:\/\/yohannfaupelphotography.fr\/wp-content\/uploads\/2025\/05\/cropped-photographe-mariage-bordeaux-scaled-1.jpg","contentUrl":"https:\/\/yohannfaupelphotography.fr\/wp-content\/uploads\/2025\/05\/cropped-photographe-mariage-bordeaux-scaled-1.jpg","width":1584,"height":1503,"caption":"Yohann Faupel Photography"},"image":{"@id":"https:\/\/www.yohannfaupelphotography.fr\/fr\/#\/schema\/logo\/image\/"},"sameAs":["https:\/\/www.instagram.com\/_yfphotography?igsh=MWthdG9pdDZ4NzFwZQ&utm_source=qr","https:\/\/www.tiktok.com\/@yhnn.fpl?_t=ZN-8xppI0EdJPK&_r=1"]}]}},"_links":{"self":[{"href":"https:\/\/www.yohannfaupelphotography.fr\/fr\/wp-json\/wp\/v2\/pages\/5059","targetHints":{"allow":["GET"]}}],"collection":[{"href":"https:\/\/www.yohannfaupelphotography.fr\/fr\/wp-json\/wp\/v2\/pages"}],"about":[{"href":"https:\/\/www.yohannfaupelphotography.fr\/fr\/wp-json\/wp\/v2\/types\/page"}],"author":[{"embeddable":true,"href":"https:\/\/www.yohannfaupelphotography.fr\/fr\/wp-json\/wp\/v2\/users\/1"}],"replies":[{"embeddable":true,"href":"https:\/\/www.yohannfaupelphotography.fr\/fr\/wp-json\/wp\/v2\/comments?post=5059"}],"version-history":[{"count":13,"href":"https:\/\/www.yohannfaupelphotography.fr\/fr\/wp-json\/wp\/v2\/pages\/5059\/revisions"}],"predecessor-version":[{"id":7188,"href":"https:\/\/www.yohannfaupelphotography.fr\/fr\/wp-json\/wp\/v2\/pages\/5059\/revisions\/7188"}],"wp:attachment":[{"href":"https:\/\/www.yohannfaupelphotography.fr\/fr\/wp-json\/wp\/v2\/media?parent=5059"}],"curies":[{"name":"wp","href":"https:\/\/api.w.org\/{rel}","templated":true}]}}